{"id":2100,"date":"2025-02-03T15:17:12","date_gmt":"2025-02-03T15:17:12","guid":{"rendered":"https:\/\/perfectlockers.eu\/politica-de-cookies\/"},"modified":"2025-02-04T14:05:40","modified_gmt":"2025-02-04T14:05:40","slug":"politica-de-cookies","status":"publish","type":"page","link":"https:\/\/perfectlockers.eu\/es\/politica-de-cookies\/","title":{"rendered":"POL\u00cdTICA DE COOKIES"},"content":{"rendered":"\t\t<div data-elementor-type=\"wp-page\" data-elementor-id=\"2100\" class=\"elementor elementor-2100 elementor-1964\" data-elementor-post-type=\"page\">\n\t\t\t\t<div class=\"elementor-element elementor-element-051bb32 e-flex e-con-boxed e-con e-parent\" data-id=\"051bb32\" data-element_type=\"container\" data-e-type=\"container\" data-settings=\"{&quot;background_background&quot;:&quot;classic&quot;}\">\n\t\t\t\t\t<div class=\"e-con-inner\">\n\t\t\t\t<div class=\"elementor-element elementor-element-e33197c elementor-widget__width-initial elementor-widget elementor-widget-heading\" data-id=\"e33197c\" data-element_type=\"widget\" data-e-type=\"widget\" data-widget_type=\"heading.default\">\n\t\t\t\t<div class=\"elementor-widget-container\">\n\t\t\t\t\t<h2 class=\"elementor-heading-title elementor-size-default\">POL\u00cdTICA DE COOKIES\n<\/h2>\t\t\t\t<\/div>\n\t\t\t\t<\/div>\n\t\t\t\t<div class=\"elementor-element elementor-element-cbcbbef elementor-widget elementor-widget-text-editor\" data-id=\"cbcbbef\" data-element_type=\"widget\" data-e-type=\"widget\" data-widget_type=\"text-editor.default\">\n\t\t\t\t<div class=\"elementor-widget-container\">\n\t\t\t\t\t\t\t\t\t<div class=\"wpb_text_column wpb_content_element \"><div class=\"wpb_wrapper\"><div class=\"flex max-w-full flex-col flex-grow\"><div class=\"min-h-8 text-message flex w-full flex-col items-end gap-2 whitespace-normal break-words text-start [.text-message+&amp;]:mt-5\" dir=\"auto\" data-message-author-role=\"assistant\" data-message-id=\"fd37151b-e90c-4a9a-a13a-15aa64d2f98d\" data-message-model-slug=\"gpt-4o-mini\"><div class=\"flex w-full flex-col gap-1 empty:hidden first:pt-[3px]\"><div class=\"markdown prose w-full break-words dark:prose-invert light\"><p><strong>\u00bfQu\u00e9 es una cookie?<\/strong><br \/>Una cookie es un archivo de texto que se descarga en la computadora del usuario al acceder a determinadas p\u00e1ginas web. Las cookies permiten que un sitio web almacene y recupere informaci\u00f3n sobre los h\u00e1bitos de navegaci\u00f3n de un usuario o su dispositivo, y pueden ser utilizadas para reconocer al usuario, dependiendo de la informaci\u00f3n que contengan y la manera en que se utilice el dispositivo.<\/p><p>El navegador del usuario almacena las cookies en el disco duro solo durante la sesi\u00f3n actual, ocupando un espacio m\u00ednimo de memoria y sin da\u00f1ar la computadora. Las cookies generalmente no contienen informaci\u00f3n personal y se eliminan del disco duro al finalizar la sesi\u00f3n del navegador (cookies de sesi\u00f3n). La mayor\u00eda de los navegadores aceptan cookies de forma predeterminada y ofrecen configuraciones para permitir o bloquear tanto cookies temporales como persistentes.<\/p><p>Sin su consentimiento expreso, activado mediante la habilitaci\u00f3n de cookies en su navegador, no vincularemos los datos almacenados en las cookies con su informaci\u00f3n personal proporcionada durante el registro o la compra.<\/p><h3><strong>Tipos de Cookies Utilizadas en este Sitio Web<\/strong><\/h3><ol><li><strong>Cookies T\u00e9cnicas:<\/strong> Estas cookies permiten a los usuarios navegar por una p\u00e1gina web, plataforma o aplicaci\u00f3n y utilizar diferentes opciones o servicios, como el control de tr\u00e1fico, la identificaci\u00f3n de sesiones, el acceso restringido, la gesti\u00f3n de procesos de pedidos, el registro en eventos, funciones de seguridad, almacenamiento de contenido multimedia y el uso compartido en redes sociales.<\/li><li><strong>Cookies de Personalizaci\u00f3n:<\/strong> Estas cookies permiten a los usuarios acceder a servicios con caracter\u00edsticas generales predefinidas en funci\u00f3n de criterios del terminal del usuario, como el idioma, el tipo de navegador o la configuraci\u00f3n regional.<\/li><li><strong>Cookies de An\u00e1lisis:<\/strong> Estas cookies, ya sean gestionadas por nosotros o por terceros, ayudan a cuantificar el n\u00famero de usuarios y realizar an\u00e1lisis estad\u00edsticos sobre el uso del servicio. Al analizar los h\u00e1bitos de navegaci\u00f3n de los usuarios, podemos mejorar los productos y servicios que ofrecemos.<\/li><\/ol><\/div><\/div><\/div><\/div><div class=\"mb-2 flex gap-3 empty:hidden -ml-2\"><div class=\"items-center justify-start rounded-xl p-1 flex\">\u00a0<\/div><\/div><\/div><\/div>\t\t\t\t\t\t\t\t<\/div>\n\t\t\t\t<\/div>\n\t\t\t\t\t<\/div>\n\t\t\t\t<\/div>\n\t\t\t\t<\/div>\n\t\t","protected":false},"excerpt":{"rendered":"<p>POL\u00cdTICA DE COOKIES \u00bfQu\u00e9 es una cookie?Una cookie es un archivo de texto que se descarga en la computadora del usuario al acceder a determinadas p\u00e1ginas web. Las cookies permiten que un sitio web almacene y recupere informaci\u00f3n sobre los h\u00e1bitos de navegaci\u00f3n de un usuario o su dispositivo, y pueden ser utilizadas para reconocer [&hellip;]<\/p>\n","protected":false},"author":2,"featured_media":0,"parent":0,"menu_order":0,"comment_status":"closed","ping_status":"closed","template":"","meta":{"_acf_changed":false,"footnotes":""},"class_list":["post-2100","page","type-page","status-publish","hentry"],"acf":[],"yoast_head":"<!-- This site is optimized with the Yoast SEO plugin v27.5 - https:\/\/yoast.com\/product\/yoast-seo-wordpress\/ -->\n<title>POL\u00cdTICA DE COOKIES - Perfect Lockers<\/title>\n<meta name=\"robots\" content=\"index, follow, max-snippet:-1, max-image-preview:large, max-video-preview:-1\" \/>\n<link rel=\"canonical\" href=\"https:\/\/perfectlockers.eu\/es\/politica-de-cookies\/\" \/>\n<meta property=\"og:locale\" content=\"es_ES\" \/>\n<meta property=\"og:type\" content=\"article\" \/>\n<meta property=\"og:title\" content=\"POL\u00cdTICA DE COOKIES - Perfect Lockers\" \/>\n<meta property=\"og:description\" content=\"POL\u00cdTICA DE COOKIES \u00bfQu\u00e9 es una cookie?Una cookie es un archivo de texto que se descarga en la computadora del usuario al acceder a determinadas p\u00e1ginas web. Las cookies permiten que un sitio web almacene y recupere informaci\u00f3n sobre los h\u00e1bitos de navegaci\u00f3n de un usuario o su dispositivo, y pueden ser utilizadas para reconocer [&hellip;]\" \/>\n<meta property=\"og:url\" content=\"https:\/\/perfectlockers.eu\/es\/politica-de-cookies\/\" \/>\n<meta property=\"og:site_name\" content=\"Perfect Lockers\" \/>\n<meta property=\"article:modified_time\" content=\"2025-02-04T14:05:40+00:00\" \/>\n<meta name=\"twitter:card\" content=\"summary_large_image\" \/>\n<meta name=\"twitter:label1\" content=\"Tiempo de lectura\" \/>\n\t<meta name=\"twitter:data1\" content=\"2 minutos\" \/>\n<script type=\"application\/ld+json\" class=\"yoast-schema-graph\">{\"@context\":\"https:\\\/\\\/schema.org\",\"@graph\":[{\"@type\":\"WebPage\",\"@id\":\"https:\\\/\\\/perfectlockers.eu\\\/es\\\/politica-de-cookies\\\/\",\"url\":\"https:\\\/\\\/perfectlockers.eu\\\/es\\\/politica-de-cookies\\\/\",\"name\":\"POL\u00cdTICA DE COOKIES - Perfect Lockers\",\"isPartOf\":{\"@id\":\"https:\\\/\\\/perfectlockers.eu\\\/es\\\/#website\"},\"datePublished\":\"2025-02-03T15:17:12+00:00\",\"dateModified\":\"2025-02-04T14:05:40+00:00\",\"breadcrumb\":{\"@id\":\"https:\\\/\\\/perfectlockers.eu\\\/es\\\/politica-de-cookies\\\/#breadcrumb\"},\"inLanguage\":\"es\",\"potentialAction\":[{\"@type\":\"ReadAction\",\"target\":[\"https:\\\/\\\/perfectlockers.eu\\\/es\\\/politica-de-cookies\\\/\"]}]},{\"@type\":\"BreadcrumbList\",\"@id\":\"https:\\\/\\\/perfectlockers.eu\\\/es\\\/politica-de-cookies\\\/#breadcrumb\",\"itemListElement\":[{\"@type\":\"ListItem\",\"position\":1,\"name\":\"Home\",\"item\":\"https:\\\/\\\/perfectlockers.eu\\\/es\\\/\"},{\"@type\":\"ListItem\",\"position\":2,\"name\":\"POL\u00cdTICA DE COOKIES\"}]},{\"@type\":\"WebSite\",\"@id\":\"https:\\\/\\\/perfectlockers.eu\\\/es\\\/#website\",\"url\":\"https:\\\/\\\/perfectlockers.eu\\\/es\\\/\",\"name\":\"Perfect Lockers\",\"description\":\"Automated Luggage Storage in Barcelona 24\\\/7 - Perfect Lockers\",\"alternateName\":\"Perfect Lockers\",\"potentialAction\":[{\"@type\":\"SearchAction\",\"target\":{\"@type\":\"EntryPoint\",\"urlTemplate\":\"https:\\\/\\\/perfectlockers.eu\\\/es\\\/?s={search_term_string}\"},\"query-input\":{\"@type\":\"PropertyValueSpecification\",\"valueRequired\":true,\"valueName\":\"search_term_string\"}}],\"inLanguage\":\"es\"}]}<\/script>\n<!-- \/ Yoast SEO plugin. -->","yoast_head_json":{"title":"POL\u00cdTICA DE COOKIES - Perfect Lockers","robots":{"index":"index","follow":"follow","max-snippet":"max-snippet:-1","max-image-preview":"max-image-preview:large","max-video-preview":"max-video-preview:-1"},"canonical":"https:\/\/perfectlockers.eu\/es\/politica-de-cookies\/","og_locale":"es_ES","og_type":"article","og_title":"POL\u00cdTICA DE COOKIES - Perfect Lockers","og_description":"POL\u00cdTICA DE COOKIES \u00bfQu\u00e9 es una cookie?Una cookie es un archivo de texto que se descarga en la computadora del usuario al acceder a determinadas p\u00e1ginas web. Las cookies permiten que un sitio web almacene y recupere informaci\u00f3n sobre los h\u00e1bitos de navegaci\u00f3n de un usuario o su dispositivo, y pueden ser utilizadas para reconocer [&hellip;]","og_url":"https:\/\/perfectlockers.eu\/es\/politica-de-cookies\/","og_site_name":"Perfect Lockers","article_modified_time":"2025-02-04T14:05:40+00:00","twitter_card":"summary_large_image","twitter_misc":{"Tiempo de lectura":"2 minutos"},"schema":{"@context":"https:\/\/schema.org","@graph":[{"@type":"WebPage","@id":"https:\/\/perfectlockers.eu\/es\/politica-de-cookies\/","url":"https:\/\/perfectlockers.eu\/es\/politica-de-cookies\/","name":"POL\u00cdTICA DE COOKIES - Perfect Lockers","isPartOf":{"@id":"https:\/\/perfectlockers.eu\/es\/#website"},"datePublished":"2025-02-03T15:17:12+00:00","dateModified":"2025-02-04T14:05:40+00:00","breadcrumb":{"@id":"https:\/\/perfectlockers.eu\/es\/politica-de-cookies\/#breadcrumb"},"inLanguage":"es","potentialAction":[{"@type":"ReadAction","target":["https:\/\/perfectlockers.eu\/es\/politica-de-cookies\/"]}]},{"@type":"BreadcrumbList","@id":"https:\/\/perfectlockers.eu\/es\/politica-de-cookies\/#breadcrumb","itemListElement":[{"@type":"ListItem","position":1,"name":"Home","item":"https:\/\/perfectlockers.eu\/es\/"},{"@type":"ListItem","position":2,"name":"POL\u00cdTICA DE COOKIES"}]},{"@type":"WebSite","@id":"https:\/\/perfectlockers.eu\/es\/#website","url":"https:\/\/perfectlockers.eu\/es\/","name":"Perfect Lockers","description":"Automated Luggage Storage in Barcelona 24\/7 - Perfect Lockers","alternateName":"Perfect Lockers","potentialAction":[{"@type":"SearchAction","target":{"@type":"EntryPoint","urlTemplate":"https:\/\/perfectlockers.eu\/es\/?s={search_term_string}"},"query-input":{"@type":"PropertyValueSpecification","valueRequired":true,"valueName":"search_term_string"}}],"inLanguage":"es"}]}},"_links":{"self":[{"href":"https:\/\/perfectlockers.eu\/es\/wp-json\/wp\/v2\/pages\/2100","targetHints":{"allow":["GET"]}}],"collection":[{"href":"https:\/\/perfectlockers.eu\/es\/wp-json\/wp\/v2\/pages"}],"about":[{"href":"https:\/\/perfectlockers.eu\/es\/wp-json\/wp\/v2\/types\/page"}],"author":[{"embeddable":true,"href":"https:\/\/perfectlockers.eu\/es\/wp-json\/wp\/v2\/users\/2"}],"replies":[{"embeddable":true,"href":"https:\/\/perfectlockers.eu\/es\/wp-json\/wp\/v2\/comments?post=2100"}],"version-history":[{"count":4,"href":"https:\/\/perfectlockers.eu\/es\/wp-json\/wp\/v2\/pages\/2100\/revisions"}],"predecessor-version":[{"id":2247,"href":"https:\/\/perfectlockers.eu\/es\/wp-json\/wp\/v2\/pages\/2100\/revisions\/2247"}],"wp:attachment":[{"href":"https:\/\/perfectlockers.eu\/es\/wp-json\/wp\/v2\/media?parent=2100"}],"curies":[{"name":"wp","href":"https:\/\/api.w.org\/{rel}","templated":true}]}}