{"id":2109,"date":"2025-02-03T15:16:55","date_gmt":"2025-02-03T15:16:55","guid":{"rendered":"https:\/\/perfectlockers.eu\/politica-de-privacidad\/"},"modified":"2025-02-04T14:08:32","modified_gmt":"2025-02-04T14:08:32","slug":"politica-de-privacidad","status":"publish","type":"page","link":"https:\/\/perfectlockers.eu\/es\/politica-de-privacidad\/","title":{"rendered":"Pol\u00edtica de privacidad"},"content":{"rendered":"\t\t<div data-elementor-type=\"wp-page\" data-elementor-id=\"2109\" class=\"elementor elementor-2109 elementor-1962\" data-elementor-post-type=\"page\">\n\t\t\t\t<div class=\"elementor-element elementor-element-051bb32 e-flex e-con-boxed e-con e-parent\" data-id=\"051bb32\" data-element_type=\"container\" data-e-type=\"container\" data-settings=\"{&quot;background_background&quot;:&quot;classic&quot;}\">\n\t\t\t\t\t<div class=\"e-con-inner\">\n\t\t\t\t<div class=\"elementor-element elementor-element-e33197c elementor-widget__width-initial elementor-widget elementor-widget-heading\" data-id=\"e33197c\" data-element_type=\"widget\" data-e-type=\"widget\" data-widget_type=\"heading.default\">\n\t\t\t\t<div class=\"elementor-widget-container\">\n\t\t\t\t\t<h2 class=\"elementor-heading-title elementor-size-default\">POL\u00cdTICA DE PRIVACIDAD\n<\/h2>\t\t\t\t<\/div>\n\t\t\t\t<\/div>\n\t\t\t\t<div class=\"elementor-element elementor-element-cbcbbef lmno elementor-widget elementor-widget-text-editor\" data-id=\"cbcbbef\" data-element_type=\"widget\" data-e-type=\"widget\" data-widget_type=\"text-editor.default\">\n\t\t\t\t<div class=\"elementor-widget-container\">\n\t\t\t\t\t\t\t\t\t<div class=\"wpb_text_column wpb_content_element \"><h3><strong>\u00bfQui\u00e9n es Responsable del Tratamiento de Datos Personales?<\/strong><\/h3><p>De acuerdo con la normativa vigente, en particular el <strong>Art\u00edculo 24 del Reglamento (UE) 2016\/679<\/strong> del Parlamento Europeo y del Consejo, de fecha <strong>27 de abril de 2016<\/strong> (en adelante, <strong>RGPD<\/strong>), le informamos que los datos personales que pueda proporcionar al utilizar <strong><a href=\"http:\/\/www.perfectlockers.eu\" target=\"_new\" rel=\"noopener\">www.perfectlockers.eu<\/a><\/strong> (en adelante, <strong>\u00abel SITIO\u00bb<\/strong>) ser\u00e1n tratados por:<\/p><ul><li><strong>Perfect Lockers, SL<\/strong><\/li><li><strong>CIF:<\/strong> B<\/li><li><strong>Domicilio:<\/strong> Calle Padilla 265, 08025, Barcelona, Espa\u00f1a<\/li><\/ul><p>En cumplimiento del <strong>Art\u00edculo 13 del RGPD<\/strong>, que establece la obligaci\u00f3n de proporcionar informaci\u00f3n al recopilar datos personales, detallamos a continuaci\u00f3n la siguiente informaci\u00f3n.<\/p><h3><strong>\u00bfEst\u00e1 Obligado a Proporcionar Datos Personales?<\/strong><\/h3><p>La visita al <strong>SITIO<\/strong> <strong>no<\/strong> requiere que el <strong>USUARIO<\/strong> proporcione informaci\u00f3n personal. No obstante, el acceso y uso de ciertos servicios disponibles en el <strong>SITIO<\/strong> pueden depender del <strong>rellenado de formularios de datos personales<\/strong>.<\/p><p>Los datos solicitados en estos formularios son <strong>necesarios<\/strong> para la prestaci\u00f3n de los servicios requeridos. <strong>La negativa a proporcionar los datos obligatorios puede impedirnos ofrecer estos servicios de manera efectiva<\/strong>. Adem\u00e1s, el usuario podr\u00e1 proporcionar otros datos de forma voluntaria para mejorar su experiencia en el servicio.<\/p><p>Algunas funcionalidades del <strong>SITIO<\/strong> pueden requerir su <strong>consentimiento expreso<\/strong> para el tratamiento de datos personales. De conformidad con el <strong>Art\u00edculo 7 del RGPD<\/strong>, al introducir y enviar sus datos personales y aceptar su incorporaci\u00f3n, usted <strong>consiente expresamente<\/strong> su uso para el prop\u00f3sito indicado.<\/p><\/div>\t\t\t\t\t\t\t\t<\/div>\n\t\t\t\t<\/div>\n\t\t\t\t\t<\/div>\n\t\t\t\t<\/div>\n\t\t\t\t<\/div>\n\t\t","protected":false},"excerpt":{"rendered":"<p>POL\u00cdTICA DE PRIVACIDAD \u00bfQui\u00e9n es Responsable del Tratamiento de Datos Personales? De acuerdo con la normativa vigente, en particular el Art\u00edculo 24 del Reglamento (UE) 2016\/679 del Parlamento Europeo y del Consejo, de fecha 27 de abril de 2016 (en adelante, RGPD), le informamos que los datos personales que pueda proporcionar al utilizar www.perfectlockers.eu (en [&hellip;]<\/p>\n","protected":false},"author":2,"featured_media":0,"parent":0,"menu_order":0,"comment_status":"closed","ping_status":"closed","template":"","meta":{"_acf_changed":false,"footnotes":""},"class_list":["post-2109","page","type-page","status-publish","hentry"],"acf":[],"yoast_head":"<!-- This site is optimized with the Yoast SEO plugin v27.5 - https:\/\/yoast.com\/product\/yoast-seo-wordpress\/ -->\n<title>Pol\u00edtica de privacidad - Perfect Lockers<\/title>\n<meta name=\"robots\" content=\"index, follow, max-snippet:-1, max-image-preview:large, max-video-preview:-1\" \/>\n<link rel=\"canonical\" href=\"https:\/\/perfectlockers.eu\/es\/politica-de-privacidad\/\" \/>\n<meta property=\"og:locale\" content=\"es_ES\" \/>\n<meta property=\"og:type\" content=\"article\" \/>\n<meta property=\"og:title\" content=\"Pol\u00edtica de privacidad - Perfect Lockers\" \/>\n<meta property=\"og:description\" content=\"POL\u00cdTICA DE PRIVACIDAD \u00bfQui\u00e9n es Responsable del Tratamiento de Datos Personales? De acuerdo con la normativa vigente, en particular el Art\u00edculo 24 del Reglamento (UE) 2016\/679 del Parlamento Europeo y del Consejo, de fecha 27 de abril de 2016 (en adelante, RGPD), le informamos que los datos personales que pueda proporcionar al utilizar www.perfectlockers.eu (en [&hellip;]\" \/>\n<meta property=\"og:url\" content=\"https:\/\/perfectlockers.eu\/es\/politica-de-privacidad\/\" \/>\n<meta property=\"og:site_name\" content=\"Perfect Lockers\" \/>\n<meta property=\"article:modified_time\" content=\"2025-02-04T14:08:32+00:00\" \/>\n<meta name=\"twitter:card\" content=\"summary_large_image\" \/>\n<meta name=\"twitter:label1\" content=\"Tiempo de lectura\" \/>\n\t<meta name=\"twitter:data1\" content=\"2 minutos\" \/>\n<script type=\"application\/ld+json\" class=\"yoast-schema-graph\">{\"@context\":\"https:\\\/\\\/schema.org\",\"@graph\":[{\"@type\":\"WebPage\",\"@id\":\"https:\\\/\\\/perfectlockers.eu\\\/es\\\/politica-de-privacidad\\\/\",\"url\":\"https:\\\/\\\/perfectlockers.eu\\\/es\\\/politica-de-privacidad\\\/\",\"name\":\"Pol\u00edtica de privacidad - Perfect Lockers\",\"isPartOf\":{\"@id\":\"https:\\\/\\\/perfectlockers.eu\\\/es\\\/#website\"},\"datePublished\":\"2025-02-03T15:16:55+00:00\",\"dateModified\":\"2025-02-04T14:08:32+00:00\",\"breadcrumb\":{\"@id\":\"https:\\\/\\\/perfectlockers.eu\\\/es\\\/politica-de-privacidad\\\/#breadcrumb\"},\"inLanguage\":\"es\",\"potentialAction\":[{\"@type\":\"ReadAction\",\"target\":[\"https:\\\/\\\/perfectlockers.eu\\\/es\\\/politica-de-privacidad\\\/\"]}]},{\"@type\":\"BreadcrumbList\",\"@id\":\"https:\\\/\\\/perfectlockers.eu\\\/es\\\/politica-de-privacidad\\\/#breadcrumb\",\"itemListElement\":[{\"@type\":\"ListItem\",\"position\":1,\"name\":\"Home\",\"item\":\"https:\\\/\\\/perfectlockers.eu\\\/es\\\/\"},{\"@type\":\"ListItem\",\"position\":2,\"name\":\"Pol\u00edtica de privacidad\"}]},{\"@type\":\"WebSite\",\"@id\":\"https:\\\/\\\/perfectlockers.eu\\\/es\\\/#website\",\"url\":\"https:\\\/\\\/perfectlockers.eu\\\/es\\\/\",\"name\":\"Perfect Lockers\",\"description\":\"Automated Luggage Storage in Barcelona 24\\\/7 - Perfect Lockers\",\"alternateName\":\"Perfect Lockers\",\"potentialAction\":[{\"@type\":\"SearchAction\",\"target\":{\"@type\":\"EntryPoint\",\"urlTemplate\":\"https:\\\/\\\/perfectlockers.eu\\\/es\\\/?s={search_term_string}\"},\"query-input\":{\"@type\":\"PropertyValueSpecification\",\"valueRequired\":true,\"valueName\":\"search_term_string\"}}],\"inLanguage\":\"es\"}]}<\/script>\n<!-- \/ Yoast SEO plugin. -->","yoast_head_json":{"title":"Pol\u00edtica de privacidad - Perfect Lockers","robots":{"index":"index","follow":"follow","max-snippet":"max-snippet:-1","max-image-preview":"max-image-preview:large","max-video-preview":"max-video-preview:-1"},"canonical":"https:\/\/perfectlockers.eu\/es\/politica-de-privacidad\/","og_locale":"es_ES","og_type":"article","og_title":"Pol\u00edtica de privacidad - Perfect Lockers","og_description":"POL\u00cdTICA DE PRIVACIDAD \u00bfQui\u00e9n es Responsable del Tratamiento de Datos Personales? De acuerdo con la normativa vigente, en particular el Art\u00edculo 24 del Reglamento (UE) 2016\/679 del Parlamento Europeo y del Consejo, de fecha 27 de abril de 2016 (en adelante, RGPD), le informamos que los datos personales que pueda proporcionar al utilizar www.perfectlockers.eu (en [&hellip;]","og_url":"https:\/\/perfectlockers.eu\/es\/politica-de-privacidad\/","og_site_name":"Perfect Lockers","article_modified_time":"2025-02-04T14:08:32+00:00","twitter_card":"summary_large_image","twitter_misc":{"Tiempo de lectura":"2 minutos"},"schema":{"@context":"https:\/\/schema.org","@graph":[{"@type":"WebPage","@id":"https:\/\/perfectlockers.eu\/es\/politica-de-privacidad\/","url":"https:\/\/perfectlockers.eu\/es\/politica-de-privacidad\/","name":"Pol\u00edtica de privacidad - Perfect Lockers","isPartOf":{"@id":"https:\/\/perfectlockers.eu\/es\/#website"},"datePublished":"2025-02-03T15:16:55+00:00","dateModified":"2025-02-04T14:08:32+00:00","breadcrumb":{"@id":"https:\/\/perfectlockers.eu\/es\/politica-de-privacidad\/#breadcrumb"},"inLanguage":"es","potentialAction":[{"@type":"ReadAction","target":["https:\/\/perfectlockers.eu\/es\/politica-de-privacidad\/"]}]},{"@type":"BreadcrumbList","@id":"https:\/\/perfectlockers.eu\/es\/politica-de-privacidad\/#breadcrumb","itemListElement":[{"@type":"ListItem","position":1,"name":"Home","item":"https:\/\/perfectlockers.eu\/es\/"},{"@type":"ListItem","position":2,"name":"Pol\u00edtica de privacidad"}]},{"@type":"WebSite","@id":"https:\/\/perfectlockers.eu\/es\/#website","url":"https:\/\/perfectlockers.eu\/es\/","name":"Perfect Lockers","description":"Automated Luggage Storage in Barcelona 24\/7 - Perfect Lockers","alternateName":"Perfect Lockers","potentialAction":[{"@type":"SearchAction","target":{"@type":"EntryPoint","urlTemplate":"https:\/\/perfectlockers.eu\/es\/?s={search_term_string}"},"query-input":{"@type":"PropertyValueSpecification","valueRequired":true,"valueName":"search_term_string"}}],"inLanguage":"es"}]}},"_links":{"self":[{"href":"https:\/\/perfectlockers.eu\/es\/wp-json\/wp\/v2\/pages\/2109","targetHints":{"allow":["GET"]}}],"collection":[{"href":"https:\/\/perfectlockers.eu\/es\/wp-json\/wp\/v2\/pages"}],"about":[{"href":"https:\/\/perfectlockers.eu\/es\/wp-json\/wp\/v2\/types\/page"}],"author":[{"embeddable":true,"href":"https:\/\/perfectlockers.eu\/es\/wp-json\/wp\/v2\/users\/2"}],"replies":[{"embeddable":true,"href":"https:\/\/perfectlockers.eu\/es\/wp-json\/wp\/v2\/comments?post=2109"}],"version-history":[{"count":7,"href":"https:\/\/perfectlockers.eu\/es\/wp-json\/wp\/v2\/pages\/2109\/revisions"}],"predecessor-version":[{"id":2250,"href":"https:\/\/perfectlockers.eu\/es\/wp-json\/wp\/v2\/pages\/2109\/revisions\/2250"}],"wp:attachment":[{"href":"https:\/\/perfectlockers.eu\/es\/wp-json\/wp\/v2\/media?parent=2109"}],"curies":[{"name":"wp","href":"https:\/\/api.w.org\/{rel}","templated":true}]}}