{"id":2078,"date":"2025-01-28T16:15:09","date_gmt":"2025-01-28T16:15:09","guid":{"rendered":"https:\/\/perfectlockers.eu\/locations\/sagrada-familia\/"},"modified":"2026-04-16T20:37:29","modified_gmt":"2026-04-16T20:37:29","slug":"sagrada-familia","status":"publish","type":"product","link":"https:\/\/perfectlockers.eu\/es\/ubicaciones\/sagrada-familia\/","title":{"rendered":"Sagrada Familia"},"content":{"rendered":"<p>Descubre cada rinc\u00f3n de la majestuosa Sagrada Familia, sin la preocupaci\u00f3n de arrastrar tu equipaje de un lado a otro. Justo a unos pasos encuentras nuestras taquillas para ofrecerte la libertad y tranquilidad que necesitas.<\/p>\n<p>Queremos que disfrutes cada momento de tu viaje sin el peso extra de las maletas. Por eso, en <strong>Perfect Lockers<\/strong> hemos dise\u00f1ado un servicio de consigna flexible, seguro y totalmente adaptado a tu ritmo. Con <strong>acceso 24\/7<\/strong>, videovigilancia permanente y diferentes tama\u00f1os de taquillas, tendr\u00e1s todo lo necesario para que tus pertenencias est\u00e9n protegidas mientras te deleitas con la obra maestra de Gaud\u00ed.<\/p>\n<p>Adem\u00e1s, nuestro proceso de reserva es \u00e1gil y sin complicaciones: unos pocos clics, un c\u00f3digo de acceso y listo. Ya sea que est\u00e9s de paso por unas horas o planees una larga estancia en Barcelona, aqu\u00ed encontrar\u00e1s la comodidad de desprenderte de tus maletas para vivir la ciudad a tu manera.<\/p>\n","protected":false},"excerpt":{"rendered":"<p>Calle de Padilla 217, 08013 Barcelona<\/p>\n","protected":false},"featured_media":1894,"template":"","meta":{"_acf_changed":false},"product_brand":[],"product_cat":[76],"product_tag":[],"class_list":{"0":"post-2078","1":"product","2":"type-product","3":"status-publish","4":"has-post-thumbnail","6":"product_cat-sagrada-familia","8":"first","9":"instock","10":"shipping-taxable","11":"product-type-simple"},"acf":[],"yoast_head":"<!-- This site is optimized with the Yoast SEO plugin v27.5 - https:\/\/yoast.com\/product\/yoast-seo-wordpress\/ -->\n<title>Sagrada Familia - Perfect Lockers<\/title>\n<meta name=\"robots\" content=\"index, follow, max-snippet:-1, max-image-preview:large, max-video-preview:-1\" \/>\n<link rel=\"canonical\" href=\"https:\/\/perfectlockers.eu\/es\/ubicaciones\/sagrada-familia\/\" \/>\n<meta property=\"og:locale\" content=\"es_ES\" \/>\n<meta property=\"og:type\" content=\"article\" \/>\n<meta property=\"og:title\" content=\"Sagrada Familia - Perfect Lockers\" \/>\n<meta property=\"og:description\" content=\"Calle de Padilla 217, 08013 Barcelona\" \/>\n<meta property=\"og:url\" content=\"https:\/\/perfectlockers.eu\/es\/ubicaciones\/sagrada-familia\/\" \/>\n<meta property=\"og:site_name\" content=\"Perfect Lockers\" \/>\n<meta property=\"article:modified_time\" content=\"2026-04-16T20:37:29+00:00\" \/>\n<meta property=\"og:image\" content=\"https:\/\/perfectlockers.eu\/wp-content\/uploads\/2025\/01\/sargadi.jpg\" \/>\n\t<meta property=\"og:image:width\" content=\"1024\" \/>\n\t<meta property=\"og:image:height\" content=\"640\" \/>\n\t<meta property=\"og:image:type\" content=\"image\/jpeg\" \/>\n<meta name=\"twitter:card\" content=\"summary_large_image\" \/>\n<meta name=\"twitter:label1\" content=\"Tiempo de lectura\" \/>\n\t<meta name=\"twitter:data1\" content=\"1 minuto\" \/>\n<script type=\"application\/ld+json\" class=\"yoast-schema-graph\">{\"@context\":\"https:\\\/\\\/schema.org\",\"@graph\":[{\"@type\":\"WebPage\",\"@id\":\"https:\\\/\\\/perfectlockers.eu\\\/es\\\/ubicaciones\\\/sagrada-familia\\\/\",\"url\":\"https:\\\/\\\/perfectlockers.eu\\\/es\\\/ubicaciones\\\/sagrada-familia\\\/\",\"name\":\"Sagrada Familia - Perfect Lockers\",\"isPartOf\":{\"@id\":\"https:\\\/\\\/perfectlockers.eu\\\/es\\\/#website\"},\"primaryImageOfPage\":{\"@id\":\"https:\\\/\\\/perfectlockers.eu\\\/es\\\/ubicaciones\\\/sagrada-familia\\\/#primaryimage\"},\"image\":{\"@id\":\"https:\\\/\\\/perfectlockers.eu\\\/es\\\/ubicaciones\\\/sagrada-familia\\\/#primaryimage\"},\"thumbnailUrl\":\"https:\\\/\\\/perfectlockers.eu\\\/wp-content\\\/uploads\\\/2025\\\/01\\\/sargadi.jpg\",\"datePublished\":\"2025-01-28T16:15:09+00:00\",\"dateModified\":\"2026-04-16T20:37:29+00:00\",\"breadcrumb\":{\"@id\":\"https:\\\/\\\/perfectlockers.eu\\\/es\\\/ubicaciones\\\/sagrada-familia\\\/#breadcrumb\"},\"inLanguage\":\"es\",\"potentialAction\":[{\"@type\":\"ReadAction\",\"target\":[\"https:\\\/\\\/perfectlockers.eu\\\/es\\\/ubicaciones\\\/sagrada-familia\\\/\"]}]},{\"@type\":\"ImageObject\",\"inLanguage\":\"es\",\"@id\":\"https:\\\/\\\/perfectlockers.eu\\\/es\\\/ubicaciones\\\/sagrada-familia\\\/#primaryimage\",\"url\":\"https:\\\/\\\/perfectlockers.eu\\\/wp-content\\\/uploads\\\/2025\\\/01\\\/sargadi.jpg\",\"contentUrl\":\"https:\\\/\\\/perfectlockers.eu\\\/wp-content\\\/uploads\\\/2025\\\/01\\\/sargadi.jpg\",\"width\":1024,\"height\":640,\"caption\":\"Luggage storage near me Sagrada Familia\"},{\"@type\":\"BreadcrumbList\",\"@id\":\"https:\\\/\\\/perfectlockers.eu\\\/es\\\/ubicaciones\\\/sagrada-familia\\\/#breadcrumb\",\"itemListElement\":[{\"@type\":\"ListItem\",\"position\":1,\"name\":\"Home\",\"item\":\"https:\\\/\\\/perfectlockers.eu\\\/es\\\/\"},{\"@type\":\"ListItem\",\"position\":2,\"name\":\"Shop\",\"item\":\"https:\\\/\\\/perfectlockers.eu\\\/shop\\\/\"},{\"@type\":\"ListItem\",\"position\":3,\"name\":\"Sagrada Familia\"}]},{\"@type\":\"WebSite\",\"@id\":\"https:\\\/\\\/perfectlockers.eu\\\/es\\\/#website\",\"url\":\"https:\\\/\\\/perfectlockers.eu\\\/es\\\/\",\"name\":\"Perfect Lockers\",\"description\":\"Automated Luggage Storage in Barcelona 24\\\/7 - Perfect Lockers\",\"alternateName\":\"Perfect Lockers\",\"potentialAction\":[{\"@type\":\"SearchAction\",\"target\":{\"@type\":\"EntryPoint\",\"urlTemplate\":\"https:\\\/\\\/perfectlockers.eu\\\/es\\\/?s={search_term_string}\"},\"query-input\":{\"@type\":\"PropertyValueSpecification\",\"valueRequired\":true,\"valueName\":\"search_term_string\"}}],\"inLanguage\":\"es\"}]}<\/script>\n<!-- \/ Yoast SEO plugin. -->","yoast_head_json":{"title":"Sagrada Familia - Perfect Lockers","robots":{"index":"index","follow":"follow","max-snippet":"max-snippet:-1","max-image-preview":"max-image-preview:large","max-video-preview":"max-video-preview:-1"},"canonical":"https:\/\/perfectlockers.eu\/es\/ubicaciones\/sagrada-familia\/","og_locale":"es_ES","og_type":"article","og_title":"Sagrada Familia - Perfect Lockers","og_description":"Calle de Padilla 217, 08013 Barcelona","og_url":"https:\/\/perfectlockers.eu\/es\/ubicaciones\/sagrada-familia\/","og_site_name":"Perfect Lockers","article_modified_time":"2026-04-16T20:37:29+00:00","og_image":[{"width":1024,"height":640,"url":"https:\/\/perfectlockers.eu\/wp-content\/uploads\/2025\/01\/sargadi.jpg","type":"image\/jpeg"}],"twitter_card":"summary_large_image","twitter_misc":{"Tiempo de lectura":"1 minuto"},"schema":{"@context":"https:\/\/schema.org","@graph":[{"@type":"WebPage","@id":"https:\/\/perfectlockers.eu\/es\/ubicaciones\/sagrada-familia\/","url":"https:\/\/perfectlockers.eu\/es\/ubicaciones\/sagrada-familia\/","name":"Sagrada Familia - Perfect Lockers","isPartOf":{"@id":"https:\/\/perfectlockers.eu\/es\/#website"},"primaryImageOfPage":{"@id":"https:\/\/perfectlockers.eu\/es\/ubicaciones\/sagrada-familia\/#primaryimage"},"image":{"@id":"https:\/\/perfectlockers.eu\/es\/ubicaciones\/sagrada-familia\/#primaryimage"},"thumbnailUrl":"https:\/\/perfectlockers.eu\/wp-content\/uploads\/2025\/01\/sargadi.jpg","datePublished":"2025-01-28T16:15:09+00:00","dateModified":"2026-04-16T20:37:29+00:00","breadcrumb":{"@id":"https:\/\/perfectlockers.eu\/es\/ubicaciones\/sagrada-familia\/#breadcrumb"},"inLanguage":"es","potentialAction":[{"@type":"ReadAction","target":["https:\/\/perfectlockers.eu\/es\/ubicaciones\/sagrada-familia\/"]}]},{"@type":"ImageObject","inLanguage":"es","@id":"https:\/\/perfectlockers.eu\/es\/ubicaciones\/sagrada-familia\/#primaryimage","url":"https:\/\/perfectlockers.eu\/wp-content\/uploads\/2025\/01\/sargadi.jpg","contentUrl":"https:\/\/perfectlockers.eu\/wp-content\/uploads\/2025\/01\/sargadi.jpg","width":1024,"height":640,"caption":"Luggage storage near me Sagrada Familia"},{"@type":"BreadcrumbList","@id":"https:\/\/perfectlockers.eu\/es\/ubicaciones\/sagrada-familia\/#breadcrumb","itemListElement":[{"@type":"ListItem","position":1,"name":"Home","item":"https:\/\/perfectlockers.eu\/es\/"},{"@type":"ListItem","position":2,"name":"Shop","item":"https:\/\/perfectlockers.eu\/shop\/"},{"@type":"ListItem","position":3,"name":"Sagrada Familia"}]},{"@type":"WebSite","@id":"https:\/\/perfectlockers.eu\/es\/#website","url":"https:\/\/perfectlockers.eu\/es\/","name":"Perfect Lockers","description":"Automated Luggage Storage in Barcelona 24\/7 - Perfect Lockers","alternateName":"Perfect Lockers","potentialAction":[{"@type":"SearchAction","target":{"@type":"EntryPoint","urlTemplate":"https:\/\/perfectlockers.eu\/es\/?s={search_term_string}"},"query-input":{"@type":"PropertyValueSpecification","valueRequired":true,"valueName":"search_term_string"}}],"inLanguage":"es"}]}},"_links":{"self":[{"href":"https:\/\/perfectlockers.eu\/es\/wp-json\/wp\/v2\/product\/2078","targetHints":{"allow":["GET"]}}],"collection":[{"href":"https:\/\/perfectlockers.eu\/es\/wp-json\/wp\/v2\/product"}],"about":[{"href":"https:\/\/perfectlockers.eu\/es\/wp-json\/wp\/v2\/types\/product"}],"wp:featuredmedia":[{"embeddable":true,"href":"https:\/\/perfectlockers.eu\/es\/wp-json\/wp\/v2\/media\/1894"}],"wp:attachment":[{"href":"https:\/\/perfectlockers.eu\/es\/wp-json\/wp\/v2\/media?parent=2078"}],"wp:term":[{"taxonomy":"product_brand","embeddable":true,"href":"https:\/\/perfectlockers.eu\/es\/wp-json\/wp\/v2\/product_brand?post=2078"},{"taxonomy":"product_cat","embeddable":true,"href":"https:\/\/perfectlockers.eu\/es\/wp-json\/wp\/v2\/product_cat?post=2078"},{"taxonomy":"product_tag","embeddable":true,"href":"https:\/\/perfectlockers.eu\/es\/wp-json\/wp\/v2\/product_tag?post=2078"}],"curies":[{"name":"wp","href":"https:\/\/api.w.org\/{rel}","templated":true}]}}