{"id":5200,"date":"2026-04-16T18:42:44","date_gmt":"2026-04-16T18:42:44","guid":{"rendered":"https:\/\/perfectlockers.eu\/?post_type=product&#038;p=5200"},"modified":"2026-04-16T22:43:45","modified_gmt":"2026-04-16T22:43:45","slug":"consignas-equipaje-plaza-univesidad-plaza-catalunya","status":"publish","type":"product","link":"https:\/\/perfectlockers.eu\/es\/ubicaciones\/consignas-equipaje-plaza-univesidad-plaza-catalunya\/","title":{"rendered":"Plaza Universidad\/Plaza de Catalunya"},"content":{"rendered":"<p data-start=\"0\" data-end=\"331\">Encu\u00e9ntranos en el centro de Barcelona, en <strong>Pla\u00e7a Universitat \/ Pla\u00e7a Catalunya<\/strong>, una de las zonas m\u00e1s c\u00e9ntricas y mejor comunicadas de la ciudad. Estamos a solo unos pasos de las principales l\u00edneas de metro, calles comerciales y puntos tur\u00edsticos, en una ubicaci\u00f3n inmejorable cerca de la Rambla de Catalu\u00f1a, Gran V\u00eda, el Aerob\u00fas, las Ramblas y el Barrio G\u00f3tico. Nuestra <strong>consigna de equipaje<\/strong> segura y al mejor precio te permite dejar tus maletas con total tranquilidad y disfrutar de la ciudad con las manos libres.<\/p>\n","protected":false},"excerpt":{"rendered":"<p>Calle de Padilla 217, 08013 Barcelona<\/p>\n","protected":false},"featured_media":5207,"template":"","meta":{"_acf_changed":false},"product_brand":[],"product_cat":[77],"product_tag":[],"class_list":{"0":"post-5200","1":"product","2":"type-product","3":"status-publish","4":"has-post-thumbnail","6":"product_cat-placa-universitat","8":"first","9":"instock","10":"shipping-taxable","11":"product-type-simple"},"acf":[],"yoast_head":"<!-- This site is optimized with the Yoast SEO plugin v27.2 - https:\/\/yoast.com\/product\/yoast-seo-wordpress\/ -->\n<title>Consignas de equipaje Plaza Universidad\/Plaza de Catalunya - Perfect Lockers<\/title>\n<meta name=\"robots\" content=\"index, follow, max-snippet:-1, max-image-preview:large, max-video-preview:-1\" \/>\n<link rel=\"canonical\" href=\"https:\/\/perfectlockers.eu\/es\/ubicaciones\/consignas-equipaje-plaza-univesidad-plaza-catalunya\/\" \/>\n<meta property=\"og:locale\" content=\"es_ES\" \/>\n<meta property=\"og:type\" content=\"article\" \/>\n<meta property=\"og:title\" content=\"Consignas de equipaje Plaza Universidad\/Plaza de Catalunya - Perfect Lockers\" \/>\n<meta property=\"og:description\" content=\"Calle de Padilla 217, 08013 Barcelona\" \/>\n<meta property=\"og:url\" content=\"https:\/\/perfectlockers.eu\/es\/ubicaciones\/consignas-equipaje-plaza-univesidad-plaza-catalunya\/\" \/>\n<meta property=\"og:site_name\" content=\"Perfect Lockers\" \/>\n<meta property=\"article:modified_time\" content=\"2026-04-16T22:43:45+00:00\" \/>\n<meta property=\"og:image\" content=\"https:\/\/perfectlockers.eu\/wp-content\/uploads\/2026\/04\/lockers-placa-universitat-barcelona-perfect-lockers.png\" \/>\n\t<meta property=\"og:image:width\" content=\"1080\" \/>\n\t<meta property=\"og:image:height\" content=\"1080\" \/>\n\t<meta property=\"og:image:type\" content=\"image\/png\" \/>\n<meta name=\"twitter:card\" content=\"summary_large_image\" \/>\n<meta name=\"twitter:label1\" content=\"Tiempo de lectura\" \/>\n\t<meta name=\"twitter:data1\" content=\"1 minuto\" \/>\n<script type=\"application\/ld+json\" class=\"yoast-schema-graph\">{\"@context\":\"https:\/\/schema.org\",\"@graph\":[{\"@type\":\"WebPage\",\"@id\":\"https:\/\/perfectlockers.eu\/es\/ubicaciones\/consignas-equipaje-plaza-univesidad-plaza-catalunya\/\",\"url\":\"https:\/\/perfectlockers.eu\/es\/ubicaciones\/consignas-equipaje-plaza-univesidad-plaza-catalunya\/\",\"name\":\"Consignas de equipaje Plaza Universidad\/Plaza de Catalunya - Perfect Lockers\",\"isPartOf\":{\"@id\":\"https:\/\/perfectlockers.eu\/es\/#website\"},\"primaryImageOfPage\":{\"@id\":\"https:\/\/perfectlockers.eu\/es\/ubicaciones\/consignas-equipaje-plaza-univesidad-plaza-catalunya\/#primaryimage\"},\"image\":{\"@id\":\"https:\/\/perfectlockers.eu\/es\/ubicaciones\/consignas-equipaje-plaza-univesidad-plaza-catalunya\/#primaryimage\"},\"thumbnailUrl\":\"https:\/\/perfectlockers.eu\/wp-content\/uploads\/2026\/04\/lockers-placa-universitat-barcelona-perfect-lockers.png\",\"datePublished\":\"2026-04-16T18:42:44+00:00\",\"dateModified\":\"2026-04-16T22:43:45+00:00\",\"breadcrumb\":{\"@id\":\"https:\/\/perfectlockers.eu\/es\/ubicaciones\/consignas-equipaje-plaza-univesidad-plaza-catalunya\/#breadcrumb\"},\"inLanguage\":\"es\",\"potentialAction\":[{\"@type\":\"ReadAction\",\"target\":[\"https:\/\/perfectlockers.eu\/es\/ubicaciones\/consignas-equipaje-plaza-univesidad-plaza-catalunya\/\"]}]},{\"@type\":\"ImageObject\",\"inLanguage\":\"es\",\"@id\":\"https:\/\/perfectlockers.eu\/es\/ubicaciones\/consignas-equipaje-plaza-univesidad-plaza-catalunya\/#primaryimage\",\"url\":\"https:\/\/perfectlockers.eu\/wp-content\/uploads\/2026\/04\/lockers-placa-universitat-barcelona-perfect-lockers.png\",\"contentUrl\":\"https:\/\/perfectlockers.eu\/wp-content\/uploads\/2026\/04\/lockers-placa-universitat-barcelona-perfect-lockers.png\",\"width\":1080,\"height\":1080,\"caption\":\"lockers placa universitat barcelona perfect lockers\"},{\"@type\":\"BreadcrumbList\",\"@id\":\"https:\/\/perfectlockers.eu\/es\/ubicaciones\/consignas-equipaje-plaza-univesidad-plaza-catalunya\/#breadcrumb\",\"itemListElement\":[{\"@type\":\"ListItem\",\"position\":1,\"name\":\"Home\",\"item\":\"https:\/\/perfectlockers.eu\/es\/\"},{\"@type\":\"ListItem\",\"position\":2,\"name\":\"Shop\",\"item\":\"https:\/\/perfectlockers.eu\/shop\/\"},{\"@type\":\"ListItem\",\"position\":3,\"name\":\"Plaza Universidad\/Plaza de Catalunya\"}]},{\"@type\":\"WebSite\",\"@id\":\"https:\/\/perfectlockers.eu\/es\/#website\",\"url\":\"https:\/\/perfectlockers.eu\/es\/\",\"name\":\"Perfect Lockers\",\"description\":\"Automated Luggage Storage in Barcelona 24\/7 - Perfect Lockers\",\"alternateName\":\"Perfect Lockers\",\"potentialAction\":[{\"@type\":\"SearchAction\",\"target\":{\"@type\":\"EntryPoint\",\"urlTemplate\":\"https:\/\/perfectlockers.eu\/es\/?s={search_term_string}\"},\"query-input\":{\"@type\":\"PropertyValueSpecification\",\"valueRequired\":true,\"valueName\":\"search_term_string\"}}],\"inLanguage\":\"es\"}]}<\/script>\n<!-- \/ Yoast SEO plugin. -->","yoast_head_json":{"title":"Consignas de equipaje Plaza Universidad\/Plaza de Catalunya - Perfect Lockers","robots":{"index":"index","follow":"follow","max-snippet":"max-snippet:-1","max-image-preview":"max-image-preview:large","max-video-preview":"max-video-preview:-1"},"canonical":"https:\/\/perfectlockers.eu\/es\/ubicaciones\/consignas-equipaje-plaza-univesidad-plaza-catalunya\/","og_locale":"es_ES","og_type":"article","og_title":"Consignas de equipaje Plaza Universidad\/Plaza de Catalunya - Perfect Lockers","og_description":"Calle de Padilla 217, 08013 Barcelona","og_url":"https:\/\/perfectlockers.eu\/es\/ubicaciones\/consignas-equipaje-plaza-univesidad-plaza-catalunya\/","og_site_name":"Perfect Lockers","article_modified_time":"2026-04-16T22:43:45+00:00","og_image":[{"width":1080,"height":1080,"url":"https:\/\/perfectlockers.eu\/wp-content\/uploads\/2026\/04\/lockers-placa-universitat-barcelona-perfect-lockers.png","type":"image\/png"}],"twitter_card":"summary_large_image","twitter_misc":{"Tiempo de lectura":"1 minuto"},"schema":{"@context":"https:\/\/schema.org","@graph":[{"@type":"WebPage","@id":"https:\/\/perfectlockers.eu\/es\/ubicaciones\/consignas-equipaje-plaza-univesidad-plaza-catalunya\/","url":"https:\/\/perfectlockers.eu\/es\/ubicaciones\/consignas-equipaje-plaza-univesidad-plaza-catalunya\/","name":"Consignas de equipaje Plaza Universidad\/Plaza de Catalunya - Perfect Lockers","isPartOf":{"@id":"https:\/\/perfectlockers.eu\/es\/#website"},"primaryImageOfPage":{"@id":"https:\/\/perfectlockers.eu\/es\/ubicaciones\/consignas-equipaje-plaza-univesidad-plaza-catalunya\/#primaryimage"},"image":{"@id":"https:\/\/perfectlockers.eu\/es\/ubicaciones\/consignas-equipaje-plaza-univesidad-plaza-catalunya\/#primaryimage"},"thumbnailUrl":"https:\/\/perfectlockers.eu\/wp-content\/uploads\/2026\/04\/lockers-placa-universitat-barcelona-perfect-lockers.png","datePublished":"2026-04-16T18:42:44+00:00","dateModified":"2026-04-16T22:43:45+00:00","breadcrumb":{"@id":"https:\/\/perfectlockers.eu\/es\/ubicaciones\/consignas-equipaje-plaza-univesidad-plaza-catalunya\/#breadcrumb"},"inLanguage":"es","potentialAction":[{"@type":"ReadAction","target":["https:\/\/perfectlockers.eu\/es\/ubicaciones\/consignas-equipaje-plaza-univesidad-plaza-catalunya\/"]}]},{"@type":"ImageObject","inLanguage":"es","@id":"https:\/\/perfectlockers.eu\/es\/ubicaciones\/consignas-equipaje-plaza-univesidad-plaza-catalunya\/#primaryimage","url":"https:\/\/perfectlockers.eu\/wp-content\/uploads\/2026\/04\/lockers-placa-universitat-barcelona-perfect-lockers.png","contentUrl":"https:\/\/perfectlockers.eu\/wp-content\/uploads\/2026\/04\/lockers-placa-universitat-barcelona-perfect-lockers.png","width":1080,"height":1080,"caption":"lockers placa universitat barcelona perfect lockers"},{"@type":"BreadcrumbList","@id":"https:\/\/perfectlockers.eu\/es\/ubicaciones\/consignas-equipaje-plaza-univesidad-plaza-catalunya\/#breadcrumb","itemListElement":[{"@type":"ListItem","position":1,"name":"Home","item":"https:\/\/perfectlockers.eu\/es\/"},{"@type":"ListItem","position":2,"name":"Shop","item":"https:\/\/perfectlockers.eu\/shop\/"},{"@type":"ListItem","position":3,"name":"Plaza Universidad\/Plaza de Catalunya"}]},{"@type":"WebSite","@id":"https:\/\/perfectlockers.eu\/es\/#website","url":"https:\/\/perfectlockers.eu\/es\/","name":"Perfect Lockers","description":"Automated Luggage Storage in Barcelona 24\/7 - Perfect Lockers","alternateName":"Perfect Lockers","potentialAction":[{"@type":"SearchAction","target":{"@type":"EntryPoint","urlTemplate":"https:\/\/perfectlockers.eu\/es\/?s={search_term_string}"},"query-input":{"@type":"PropertyValueSpecification","valueRequired":true,"valueName":"search_term_string"}}],"inLanguage":"es"}]}},"_links":{"self":[{"href":"https:\/\/perfectlockers.eu\/es\/wp-json\/wp\/v2\/product\/5200","targetHints":{"allow":["GET"]}}],"collection":[{"href":"https:\/\/perfectlockers.eu\/es\/wp-json\/wp\/v2\/product"}],"about":[{"href":"https:\/\/perfectlockers.eu\/es\/wp-json\/wp\/v2\/types\/product"}],"wp:featuredmedia":[{"embeddable":true,"href":"https:\/\/perfectlockers.eu\/es\/wp-json\/wp\/v2\/media\/5207"}],"wp:attachment":[{"href":"https:\/\/perfectlockers.eu\/es\/wp-json\/wp\/v2\/media?parent=5200"}],"wp:term":[{"taxonomy":"product_brand","embeddable":true,"href":"https:\/\/perfectlockers.eu\/es\/wp-json\/wp\/v2\/product_brand?post=5200"},{"taxonomy":"product_cat","embeddable":true,"href":"https:\/\/perfectlockers.eu\/es\/wp-json\/wp\/v2\/product_cat?post=5200"},{"taxonomy":"product_tag","embeddable":true,"href":"https:\/\/perfectlockers.eu\/es\/wp-json\/wp\/v2\/product_tag?post=5200"}],"curies":[{"name":"wp","href":"https:\/\/api.w.org\/{rel}","templated":true}]}}